{"id":1136,"date":"2025-09-05T18:51:02","date_gmt":"2025-09-05T18:51:02","guid":{"rendered":"https:\/\/techuni.com.br\/?page_id=1136"},"modified":"2025-09-06T03:46:03","modified_gmt":"2025-09-06T03:46:03","slug":"techuni-lista-espera-curso-ia-nocode-agentesia","status":"publish","type":"page","link":"https:\/\/techuni.com.br\/en\/techuni-lista-espera-curso-ia-nocode-agentesia\/","title":{"rendered":"Lista de Espera Curso de IA e No-code"},"content":{"rendered":"<div data-elementor-type=\"wp-page\" data-elementor-id=\"1136\" class=\"elementor elementor-1136\" data-elementor-post-type=\"page\">\n\t\t\t\t<div class=\"elementor-element elementor-element-b358f4d e-con-full e-flex wpr-particle-no wpr-jarallax-no wpr-parallax-no wpr-sticky-section-no e-con e-parent\" data-id=\"b358f4d\" data-element_type=\"container\" data-settings=\"{&quot;background_background&quot;:&quot;classic&quot;}\">\n\t\t<div class=\"elementor-element elementor-element-4cb9d80 e-con-full e-flex wpr-particle-no wpr-jarallax-no wpr-parallax-no wpr-sticky-section-no e-con e-child\" data-id=\"4cb9d80\" data-element_type=\"container\">\n\t\t\t\t<div class=\"elementor-element elementor-element-201a042 elementor-widget elementor-widget-image\" data-id=\"201a042\" data-element_type=\"widget\" data-widget_type=\"image.default\">\n\t\t\t\t<div class=\"elementor-widget-container\">\n\t\t\t\t\t\t\t\t\t\t\t\t\t\t\t<img fetchpriority=\"high\" decoding=\"async\" width=\"1890\" height=\"2363\" src=\"https:\/\/techuni.com.br\/wp-content\/uploads\/2025\/08\/foto-de-perfil-1.png\" class=\"attachment-full size-full wp-image-774\" alt=\"\" srcset=\"https:\/\/techuni.com.br\/wp-content\/uploads\/2025\/08\/foto-de-perfil-1.png 1890w, https:\/\/techuni.com.br\/wp-content\/uploads\/2025\/08\/foto-de-perfil-1-240x300.png 240w, https:\/\/techuni.com.br\/wp-content\/uploads\/2025\/08\/foto-de-perfil-1-819x1024.png 819w, https:\/\/techuni.com.br\/wp-content\/uploads\/2025\/08\/foto-de-perfil-1-768x960.png 768w, https:\/\/techuni.com.br\/wp-content\/uploads\/2025\/08\/foto-de-perfil-1-1229x1536.png 1229w, https:\/\/techuni.com.br\/wp-content\/uploads\/2025\/08\/foto-de-perfil-1-1638x2048.png 1638w\" sizes=\"(max-width: 1890px) 100vw, 1890px\" \/>\t\t\t\t\t\t\t\t\t\t\t\t\t\t\t<\/div>\n\t\t\t\t<\/div>\n\t\t\t\t<\/div>\n\t\t\t\t<\/div>\n\t\t<div class=\"elementor-element elementor-element-8b59463 e-flex e-con-boxed wpr-particle-no wpr-jarallax-no wpr-parallax-no wpr-sticky-section-no e-con e-parent\" data-id=\"8b59463\" data-element_type=\"container\" data-settings=\"{&quot;background_background&quot;:&quot;classic&quot;}\">\n\t\t\t\t\t<div class=\"e-con-inner\">\n\t\t\t\t<div class=\"elementor-element elementor-element-fb5ca4d elementor-widget elementor-widget-heading\" data-id=\"fb5ca4d\" data-element_type=\"widget\" data-widget_type=\"heading.default\">\n\t\t\t\t<div class=\"elementor-widget-container\">\n\t\t\t\t\t<h1 class=\"elementor-heading-title elementor-size-default\">Treinamento de Intelig\u00eancia <br> Artificial,  Agentes de IA e No-Code <br>(programa\u00e7\u00e3o sem c\u00f3digo)<\/h1>\t\t\t\t<\/div>\n\t\t\t\t<\/div>\n\t\t\t\t<div class=\"elementor-element elementor-element-3392619 elementor-widget__width-initial elementor-widget elementor-widget-text-editor\" data-id=\"3392619\" data-element_type=\"widget\" data-widget_type=\"text-editor.default\">\n\t\t\t\t<div class=\"elementor-widget-container\">\n\t\t\t\t\t\t\t\t\t<p><span class=\"notion-enable-hover\" data-token-index=\"1\">Aprenda a dominar o uso da Intelig\u00eancia Artificial, agentes de IA e ferramentas no-code<\/span>, com cursos e trilhas direto ao ponto sem enrola\u00e7\u00e3o t\u00e9cnica, com aplica\u00e7\u00f5es reais e linguagem acess\u00edvel.<!-- notionvc: 3333b25b-658f-4221-af6f-a057fc341773 --><\/p>\t\t\t\t\t\t\t\t<\/div>\n\t\t\t\t<\/div>\n\t\t\t\t\t<\/div>\n\t\t\t\t<\/div>\n\t\t<div class=\"elementor-element elementor-element-c4e75b3 e-flex e-con-boxed wpr-particle-no wpr-jarallax-no wpr-parallax-no wpr-sticky-section-no e-con e-parent\" data-id=\"c4e75b3\" data-element_type=\"container\" data-settings=\"{&quot;background_background&quot;:&quot;classic&quot;}\">\n\t\t\t\t\t<div class=\"e-con-inner\">\n\t\t\t\t<div class=\"elementor-element elementor-element-9ae9716 elementor-widget__width-initial elementor-widget elementor-widget-heading\" data-id=\"9ae9716\" data-element_type=\"widget\" data-widget_type=\"heading.default\">\n\t\t\t\t<div class=\"elementor-widget-container\">\n\t\t\t\t\t<h2 class=\"elementor-heading-title elementor-size-default\">Seja avisado quando o <br> treinamento for lan\u00e7ado<\/h2>\t\t\t\t<\/div>\n\t\t\t\t<\/div>\n\t\t\t\t\t<\/div>\n\t\t\t\t<\/div>\n\t\t<div class=\"elementor-element elementor-element-05a8705 e-flex e-con-boxed wpr-particle-no wpr-jarallax-no wpr-parallax-no wpr-sticky-section-no e-con e-parent\" data-id=\"05a8705\" data-element_type=\"container\">\n\t\t\t\t\t<div class=\"e-con-inner\">\n\t\t\t\t<div class=\"elementor-element elementor-element-ee8f9aa elementor-widget elementor-widget-shortcode\" data-id=\"ee8f9aa\" data-element_type=\"widget\" data-widget_type=\"shortcode.default\">\n\t\t\t\t<div class=\"elementor-widget-container\">\n\t\t\t\t\t\t\t<div class=\"elementor-shortcode\">\n\t\t\t<form id=\"sib_signup_form_1\" method=\"post\" class=\"sib_signup_form\" action=\"\">\n\t\t\t\t<div class=\"sib_loader\" style=\"display:none;\"><img\n\t\t\t\t\t\t\tsrc=\"https:\/\/techuni.com.br\/wp-includes\/images\/spinner.gif\" alt=\"loader\"><\/div>\n\t\t\t\t<input type=\"hidden\" name=\"sib_form_action\" value=\"subscribe_form_submit\">\n\t\t\t\t<input type=\"hidden\" name=\"sib_form_id\" value=\"1\">\n                <input type=\"hidden\" name=\"sib_form_alert_notice\" value=\"Por favor preencha este campo\">\n                <input type=\"hidden\" name=\"sib_form_invalid_email_notice\" value=\"E-mail inv\u00e1lido\">\n                <input type=\"hidden\" name=\"sib_security\" value=\"927be1e796\">\n\t\t\t\t<div class=\"sib_signup_box_inside_1\">\n\t\t\t\t\t<div style=\"\/*display:none*\/\" class=\"sib_msg_disp\">\n\t\t\t\t\t<\/div>\n                    \t\t\t\t\t<p class=\"sib-NOME-area\"> \r\n    <label class=\"sib-NOME-area\">Nome*<\/label> \r\n    <input type=\"text\" class=\"sib-NOME-area\" name=\"NOME\" required=\"required\"> \r\n<\/p>\r\n<p class=\"sib-WHATSAPP-area\"> \r\n    <label class=\"sib-WHATSAPP-area\">WhatsApp*<\/label> \r\n    <input type=\"text\" class=\"sib-WHATSAPP-area\" name=\"WHATSAPP\" required=\"required\"> \r\n<\/p>\r\n<p class=\"sib-email-area\"> \r\n    <label class=\"sib-email-area\">E-mail\r\n*<\/label> \r\n    <input type=\"email\" class=\"sib-email-area\" name=\"email\" placeholder=\"\" value=\"\" required=\"required\"> \r\n<\/p>\r\n<p>\r\n    <input type=\"submit\" class=\"sib-default-btn\" value=\"Entrar na lista\">\r\n<\/p>\r\n\t\t\t\t<\/div>\n\t\t\t<input type=\"hidden\" name=\"trp-form-language\" value=\"en\"\/><\/form>\n\t\t\t<style>\n\t\t\t\tform#sib_signup_form_1 { padding: 5px; -moz-box-sizing:border-box; -webkit-box-sizing: border-box; box-sizing: border-box; } form#sib_signup_form_1 input[type=text],form#sib_signup_form_1 input[type=email], form#sib_signup_form_1 select { width: 100%; border: 1px solid #bbb; height: auto; margin: 5px 0 0 0; } form#sib_signup_form_1 .sib-default-btn { margin: 5px 0; padding: 6px 12px;width: 100%; color:#fff; background-color: #B03ACF; border-color: #2E2E2E; font-size: 20px; font-weight:400; line-height: 1.4285; text-align: center; cursor: pointer; vertical-align: middle; -webkit-user-select:none; -moz-user-select:none; -ms-user-select:none; user-select:none; white-space: normal; border:1px solid transparent; border-radius: 30px; } form#sib_signup_form_1 .sib-default-btn:hover { background-color: #FD9800; } form#sib_signup_form_1 p{ margin: 10px 0 0 0; }form#sib_signup_form_1 p.sib-alert-message {\n    padding: 6px 12px;\n    margin-bottom: 20px;\n    border: 1px solid transparent;\n    border-radius: 4px;\n    -webkit-box-sizing: border-box;\n    -moz-box-sizing: border-box;\n    box-sizing: border-box;\n}\nform#sib_signup_form_1 p.sib-alert-message-error {\n    background-color: #f2dede;\n    border-color: #ebccd1;\n    color: #a94442;\n}\nform#sib_signup_form_1 p.sib-alert-message-success {\n    background-color: #dff0d8;\n    border-color: #d6e9c6;\n    color: #3c763d;\n}\nform#sib_signup_form_1 p.sib-alert-message-warning {\n    background-color: #fcf8e3;\n    border-color: #faebcc;\n    color: #8a6d3b;\n}\n\t\t\t<\/style>\n\t\t\t<\/div>\n\t\t\t\t\t\t<\/div>\n\t\t\t\t<\/div>\n\t\t\t\t\t<\/div>\n\t\t\t\t<\/div>\n\t\t\t\t<\/div>","protected":false},"excerpt":{"rendered":"<p>Treinamento de Intelig\u00eancia Artificial, Agentes de IA e No-Code (programa\u00e7\u00e3o sem c\u00f3digo) Aprenda a dominar o uso da Intelig\u00eancia Artificial, agentes de IA e ferramentas no-code, com cursos e trilhas direto ao ponto sem enrola\u00e7\u00e3o t\u00e9cnica, com aplica\u00e7\u00f5es reais e linguagem acess\u00edvel. Seja avisado quando o treinamento for lan\u00e7ado<\/p>","protected":false},"author":1,"featured_media":774,"parent":0,"menu_order":0,"comment_status":"closed","ping_status":"closed","template":"elementor_canvas","meta":{"site-sidebar-layout":"no-sidebar","site-content-layout":"","ast-site-content-layout":"full-width-container","site-content-style":"default","site-sidebar-style":"default","ast-global-header-display":"","ast-banner-title-visibility":"","ast-main-header-display":"","ast-hfb-above-header-display":"","ast-hfb-below-header-display":"","ast-hfb-mobile-header-display":"","site-post-title":"disabled","ast-breadcrumbs-content":"","ast-featured-img":"disabled","footer-sml-layout":"","theme-transparent-header-meta":"","adv-header-id-meta":"","stick-header-meta":"","header-above-stick-meta":"","header-main-stick-meta":"","header-below-stick-meta":"","astra-migrate-meta-layouts":"default","ast-page-background-enabled":"default","ast-page-background-meta":{"desktop":{"background-color":"var(--ast-global-color-4)","background-image":"","background-repeat":"repeat","background-position":"center center","background-size":"auto","background-attachment":"scroll","background-type":"","background-media":"","overlay-type":"","overlay-color":"","overlay-opacity":"","overlay-gradient":""},"tablet":{"background-color":"","background-image":"","background-repeat":"repeat","background-position":"center center","background-size":"auto","background-attachment":"scroll","background-type":"","background-media":"","overlay-type":"","overlay-color":"","overlay-opacity":"","overlay-gradient":""},"mobile":{"background-color":"","background-image":"","background-repeat":"repeat","background-position":"center center","background-size":"auto","background-attachment":"scroll","background-type":"","background-media":"","overlay-type":"","overlay-color":"","overlay-opacity":"","overlay-gradient":""}},"ast-content-background-meta":{"desktop":{"background-color":"var(--ast-global-color-5)","background-image":"","background-repeat":"repeat","background-position":"center center","background-size":"auto","background-attachment":"scroll","background-type":"","background-media":"","overlay-type":"","overlay-color":"","overlay-opacity":"","overlay-gradient":""},"tablet":{"background-color":"var(--ast-global-color-5)","background-image":"","background-repeat":"repeat","background-position":"center center","background-size":"auto","background-attachment":"scroll","background-type":"","background-media":"","overlay-type":"","overlay-color":"","overlay-opacity":"","overlay-gradient":""},"mobile":{"background-color":"var(--ast-global-color-5)","background-image":"","background-repeat":"repeat","background-position":"center center","background-size":"auto","background-attachment":"scroll","background-type":"","background-media":"","overlay-type":"","overlay-color":"","overlay-opacity":"","overlay-gradient":""}},"footnotes":""},"class_list":["post-1136","page","type-page","status-publish","has-post-thumbnail","hentry"],"yoast_head":"<!-- This site is optimized with the Yoast SEO plugin v25.8 - https:\/\/yoast.com\/wordpress\/plugins\/seo\/ -->\n<title>Lista de Espera Curso de IA e No-code - techuni.com.br<\/title>\n<meta name=\"description\" content=\"Nosso foco \u00e9 ajudar empreendedores e profissionais a dominarem o uso da Intelig\u00eancia Artificial, agentes de IA e ferramentas no-code, com cursos direto ao ponto sem enrola\u00e7\u00e3o t\u00e9cnica, com aplica\u00e7\u00f5es reais e linguagem acess\u00edvel.\" \/>\n<meta name=\"robots\" content=\"index, follow, max-snippet:-1, max-image-preview:large, max-video-preview:-1\" \/>\n<link rel=\"canonical\" href=\"https:\/\/techuni.com.br\/en\/techuni-lista-espera-curso-ia-nocode-agentesia\/\" \/>\n<meta property=\"og:locale\" content=\"en_US\" \/>\n<meta property=\"og:type\" content=\"article\" \/>\n<meta property=\"og:title\" content=\"Lista de Espera Curso de IA e No-code - techuni.com.br\" \/>\n<meta property=\"og:description\" content=\"Nosso foco \u00e9 ajudar empreendedores e profissionais a dominarem o uso da Intelig\u00eancia Artificial, agentes de IA e ferramentas no-code, com cursos direto ao ponto sem enrola\u00e7\u00e3o t\u00e9cnica, com aplica\u00e7\u00f5es reais e linguagem acess\u00edvel.\" \/>\n<meta property=\"og:url\" content=\"https:\/\/techuni.com.br\/en\/techuni-lista-espera-curso-ia-nocode-agentesia\/\" \/>\n<meta property=\"og:site_name\" content=\"techuni.com.br\" \/>\n<meta property=\"article:modified_time\" content=\"2025-09-06T03:46:03+00:00\" \/>\n<meta property=\"og:image\" content=\"https:\/\/techuni.com.br\/wp-content\/uploads\/2025\/08\/foto-de-perfil-1-819x1024.png\" \/>\n\t<meta property=\"og:image:width\" content=\"819\" \/>\n\t<meta property=\"og:image:height\" content=\"1024\" \/>\n\t<meta property=\"og:image:type\" content=\"image\/png\" \/>\n<meta name=\"twitter:card\" content=\"summary_large_image\" \/>\n<meta name=\"twitter:label1\" content=\"Est. reading time\" \/>\n\t<meta name=\"twitter:data1\" content=\"1 minute\" \/>\n<script type=\"application\/ld+json\" class=\"yoast-schema-graph\">{\"@context\":\"https:\/\/schema.org\",\"@graph\":[{\"@type\":\"WebPage\",\"@id\":\"https:\/\/techuni.com.br\/techuni-lista-espera-curso-ia-nocode-agentesia\/\",\"url\":\"https:\/\/techuni.com.br\/techuni-lista-espera-curso-ia-nocode-agentesia\/\",\"name\":\"Lista de Espera Curso de IA e No-code - techuni.com.br\",\"isPartOf\":{\"@id\":\"https:\/\/techuni.com.br\/#website\"},\"primaryImageOfPage\":{\"@id\":\"https:\/\/techuni.com.br\/techuni-lista-espera-curso-ia-nocode-agentesia\/#primaryimage\"},\"image\":{\"@id\":\"https:\/\/techuni.com.br\/techuni-lista-espera-curso-ia-nocode-agentesia\/#primaryimage\"},\"thumbnailUrl\":\"https:\/\/techuni.com.br\/wp-content\/uploads\/2025\/08\/foto-de-perfil-1.png\",\"datePublished\":\"2025-09-05T18:51:02+00:00\",\"dateModified\":\"2025-09-06T03:46:03+00:00\",\"description\":\"Nosso foco \u00e9 ajudar empreendedores e profissionais a dominarem o uso da Intelig\u00eancia Artificial, agentes de IA e ferramentas no-code, com cursos direto ao ponto sem enrola\u00e7\u00e3o t\u00e9cnica, com aplica\u00e7\u00f5es reais e linguagem acess\u00edvel.\",\"breadcrumb\":{\"@id\":\"https:\/\/techuni.com.br\/techuni-lista-espera-curso-ia-nocode-agentesia\/#breadcrumb\"},\"inLanguage\":\"en-US\",\"potentialAction\":[{\"@type\":\"ReadAction\",\"target\":[\"https:\/\/techuni.com.br\/techuni-lista-espera-curso-ia-nocode-agentesia\/\"]}]},{\"@type\":\"ImageObject\",\"inLanguage\":\"en-US\",\"@id\":\"https:\/\/techuni.com.br\/techuni-lista-espera-curso-ia-nocode-agentesia\/#primaryimage\",\"url\":\"https:\/\/techuni.com.br\/wp-content\/uploads\/2025\/08\/foto-de-perfil-1.png\",\"contentUrl\":\"https:\/\/techuni.com.br\/wp-content\/uploads\/2025\/08\/foto-de-perfil-1.png\",\"width\":1890,\"height\":2363},{\"@type\":\"BreadcrumbList\",\"@id\":\"https:\/\/techuni.com.br\/techuni-lista-espera-curso-ia-nocode-agentesia\/#breadcrumb\",\"itemListElement\":[{\"@type\":\"ListItem\",\"position\":1,\"name\":\"In\u00edcio\",\"item\":\"https:\/\/techuni.com.br\/\"},{\"@type\":\"ListItem\",\"position\":2,\"name\":\"Lista de Espera Curso de IA e No-code\"}]},{\"@type\":\"WebSite\",\"@id\":\"https:\/\/techuni.com.br\/#website\",\"url\":\"https:\/\/techuni.com.br\/\",\"name\":\"techuni.com.br\",\"description\":\"Martech a jun\u00e7\u00e3o de tecnologia e marketing para acelerar os resultados do seu neg\u00f3cio.\",\"publisher\":{\"@id\":\"https:\/\/techuni.com.br\/#organization\"},\"potentialAction\":[{\"@type\":\"SearchAction\",\"target\":{\"@type\":\"EntryPoint\",\"urlTemplate\":\"https:\/\/techuni.com.br\/?s={search_term_string}\"},\"query-input\":{\"@type\":\"PropertyValueSpecification\",\"valueRequired\":true,\"valueName\":\"search_term_string\"}}],\"inLanguage\":\"en-US\"},{\"@type\":\"Organization\",\"@id\":\"https:\/\/techuni.com.br\/#organization\",\"name\":\"techuni.com.br\",\"url\":\"https:\/\/techuni.com.br\/\",\"logo\":{\"@type\":\"ImageObject\",\"inLanguage\":\"en-US\",\"@id\":\"https:\/\/techuni.com.br\/#\/schema\/logo\/image\/\",\"url\":\"https:\/\/techuni.com.br\/wp-content\/uploads\/2024\/07\/logo-fundo-claro.png\",\"contentUrl\":\"https:\/\/techuni.com.br\/wp-content\/uploads\/2024\/07\/logo-fundo-claro.png\",\"width\":747,\"height\":466,\"caption\":\"techuni.com.br\"},\"image\":{\"@id\":\"https:\/\/techuni.com.br\/#\/schema\/logo\/image\/\"}}]}<\/script>\n<!-- \/ Yoast SEO plugin. -->","yoast_head_json":{"title":"Lista de Espera Curso de IA e No-code - techuni.com.br","description":"Nosso foco \u00e9 ajudar empreendedores e profissionais a dominarem o uso da Intelig\u00eancia Artificial, agentes de IA e ferramentas no-code, com cursos direto ao ponto sem enrola\u00e7\u00e3o t\u00e9cnica, com aplica\u00e7\u00f5es reais e linguagem acess\u00edvel.","robots":{"index":"index","follow":"follow","max-snippet":"max-snippet:-1","max-image-preview":"max-image-preview:large","max-video-preview":"max-video-preview:-1"},"canonical":"https:\/\/techuni.com.br\/en\/techuni-lista-espera-curso-ia-nocode-agentesia\/","og_locale":"en_US","og_type":"article","og_title":"Lista de Espera Curso de IA e No-code - techuni.com.br","og_description":"Nosso foco \u00e9 ajudar empreendedores e profissionais a dominarem o uso da Intelig\u00eancia Artificial, agentes de IA e ferramentas no-code, com cursos direto ao ponto sem enrola\u00e7\u00e3o t\u00e9cnica, com aplica\u00e7\u00f5es reais e linguagem acess\u00edvel.","og_url":"https:\/\/techuni.com.br\/en\/techuni-lista-espera-curso-ia-nocode-agentesia\/","og_site_name":"techuni.com.br","article_modified_time":"2025-09-06T03:46:03+00:00","og_image":[{"width":819,"height":1024,"url":"https:\/\/techuni.com.br\/wp-content\/uploads\/2025\/08\/foto-de-perfil-1-819x1024.png","type":"image\/png"}],"twitter_card":"summary_large_image","twitter_misc":{"Est. reading time":"1 minute"},"schema":{"@context":"https:\/\/schema.org","@graph":[{"@type":"WebPage","@id":"https:\/\/techuni.com.br\/techuni-lista-espera-curso-ia-nocode-agentesia\/","url":"https:\/\/techuni.com.br\/techuni-lista-espera-curso-ia-nocode-agentesia\/","name":"Lista de Espera Curso de IA e No-code - techuni.com.br","isPartOf":{"@id":"https:\/\/techuni.com.br\/#website"},"primaryImageOfPage":{"@id":"https:\/\/techuni.com.br\/techuni-lista-espera-curso-ia-nocode-agentesia\/#primaryimage"},"image":{"@id":"https:\/\/techuni.com.br\/techuni-lista-espera-curso-ia-nocode-agentesia\/#primaryimage"},"thumbnailUrl":"https:\/\/techuni.com.br\/wp-content\/uploads\/2025\/08\/foto-de-perfil-1.png","datePublished":"2025-09-05T18:51:02+00:00","dateModified":"2025-09-06T03:46:03+00:00","description":"Nosso foco \u00e9 ajudar empreendedores e profissionais a dominarem o uso da Intelig\u00eancia Artificial, agentes de IA e ferramentas no-code, com cursos direto ao ponto sem enrola\u00e7\u00e3o t\u00e9cnica, com aplica\u00e7\u00f5es reais e linguagem acess\u00edvel.","breadcrumb":{"@id":"https:\/\/techuni.com.br\/techuni-lista-espera-curso-ia-nocode-agentesia\/#breadcrumb"},"inLanguage":"en-US","potentialAction":[{"@type":"ReadAction","target":["https:\/\/techuni.com.br\/techuni-lista-espera-curso-ia-nocode-agentesia\/"]}]},{"@type":"ImageObject","inLanguage":"en-US","@id":"https:\/\/techuni.com.br\/techuni-lista-espera-curso-ia-nocode-agentesia\/#primaryimage","url":"https:\/\/techuni.com.br\/wp-content\/uploads\/2025\/08\/foto-de-perfil-1.png","contentUrl":"https:\/\/techuni.com.br\/wp-content\/uploads\/2025\/08\/foto-de-perfil-1.png","width":1890,"height":2363},{"@type":"BreadcrumbList","@id":"https:\/\/techuni.com.br\/techuni-lista-espera-curso-ia-nocode-agentesia\/#breadcrumb","itemListElement":[{"@type":"ListItem","position":1,"name":"In\u00edcio","item":"https:\/\/techuni.com.br\/"},{"@type":"ListItem","position":2,"name":"Lista de Espera Curso de IA e No-code"}]},{"@type":"WebSite","@id":"https:\/\/techuni.com.br\/#website","url":"https:\/\/techuni.com.br\/","name":"techuni.com.br","description":"Martech a jun\u00e7\u00e3o de tecnologia e marketing para acelerar os resultados do seu neg\u00f3cio.","publisher":{"@id":"https:\/\/techuni.com.br\/#organization"},"potentialAction":[{"@type":"SearchAction","target":{"@type":"EntryPoint","urlTemplate":"https:\/\/techuni.com.br\/?s={search_term_string}"},"query-input":{"@type":"PropertyValueSpecification","valueRequired":true,"valueName":"search_term_string"}}],"inLanguage":"en-US"},{"@type":"Organization","@id":"https:\/\/techuni.com.br\/#organization","name":"techuni.com.br","url":"https:\/\/techuni.com.br\/","logo":{"@type":"ImageObject","inLanguage":"en-US","@id":"https:\/\/techuni.com.br\/#\/schema\/logo\/image\/","url":"https:\/\/techuni.com.br\/wp-content\/uploads\/2024\/07\/logo-fundo-claro.png","contentUrl":"https:\/\/techuni.com.br\/wp-content\/uploads\/2024\/07\/logo-fundo-claro.png","width":747,"height":466,"caption":"techuni.com.br"},"image":{"@id":"https:\/\/techuni.com.br\/#\/schema\/logo\/image\/"}}]}},"_links":{"self":[{"href":"https:\/\/techuni.com.br\/en\/wp-json\/wp\/v2\/pages\/1136","targetHints":{"allow":["GET"]}}],"collection":[{"href":"https:\/\/techuni.com.br\/en\/wp-json\/wp\/v2\/pages"}],"about":[{"href":"https:\/\/techuni.com.br\/en\/wp-json\/wp\/v2\/types\/page"}],"author":[{"embeddable":true,"href":"https:\/\/techuni.com.br\/en\/wp-json\/wp\/v2\/users\/1"}],"replies":[{"embeddable":true,"href":"https:\/\/techuni.com.br\/en\/wp-json\/wp\/v2\/comments?post=1136"}],"version-history":[{"count":64,"href":"https:\/\/techuni.com.br\/en\/wp-json\/wp\/v2\/pages\/1136\/revisions"}],"predecessor-version":[{"id":1204,"href":"https:\/\/techuni.com.br\/en\/wp-json\/wp\/v2\/pages\/1136\/revisions\/1204"}],"wp:featuredmedia":[{"embeddable":true,"href":"https:\/\/techuni.com.br\/en\/wp-json\/wp\/v2\/media\/774"}],"wp:attachment":[{"href":"https:\/\/techuni.com.br\/en\/wp-json\/wp\/v2\/media?parent=1136"}],"curies":[{"name":"wp","href":"https:\/\/api.w.org\/{rel}","templated":true}]}}